{"id":81,"date":"2024-09-20T16:38:25","date_gmt":"2024-09-20T16:38:25","guid":{"rendered":"https:\/\/parlons-consciences.fr\/?page_id=81"},"modified":"2024-10-03T09:17:35","modified_gmt":"2024-10-03T09:17:35","slug":"mentions-legales","status":"publish","type":"page","link":"https:\/\/parlons-consciences.fr\/index.php\/mentions-legales\/","title":{"rendered":"Mentions L\u00e9gales"},"content":{"rendered":"\n<p>L\u2019acc\u00e8s et l\u2019utilisation du Site sont soumis aux pr\u00e9sentes \u00ab Mentions l\u00e9gales \u00bb, ainsi qu\u2019aux lois et\/ou r\u00e8glements applicables. <\/p>\n\n\n\n<p>La connexion, l\u2019utilisation et l\u2019acc\u00e8s au Site impliquent l\u2019acceptation int\u00e9grale et sans r\u00e9serve de l\u2019Utilisateur de l\u2019int\u00e9gralit\u00e9 des dispositions des pr\u00e9sentes Mentions L\u00e9gales. <\/p>\n\n\n\n<p>L\u2019Utilisateur est inform\u00e9 qu\u2019il est tenu par les pr\u00e9sentes.<\/p>\n\n\n\n<h2 class=\"wp-block-heading\">1 &#8211; \u00c9dition du site<\/h2>\n\n\n\n<p>Conform\u00e9ment aux dispositions de la Loi n\u00b02004-574 du 21 juin 2004, modifi\u00e9e notamment par les Lois n\u00b02011-525 du 17 mai 2011, n\u00b02013-1168 du 18 d\u00e9cembre 2013 et n\u00b02014-873 du 4 ao\u00fbt 2014 et,&nbsp;pour la confiance dans l&rsquo;\u00e9conomie num\u00e9rique, il est pr\u00e9cis\u00e9 aux utilisateurs du site internet <strong>https:\/\/parlons-consciences.fr<\/strong>&nbsp;l&rsquo;identit\u00e9 des diff\u00e9rents intervenants dans le cadre de sa r\u00e9alisation et de son suivi:<\/p>\n\n\n\n<p><strong>Propri\u00e9taire du site :&nbsp;<\/strong>Parlons Consciences, SARL au capital social de&nbsp;5000 \u20ac inscrite au RCS de Rennes sous le n\u00b0&nbsp;930 077 482<\/p>\n\n\n\n<p><strong>Si\u00e8ge social<\/strong> : 27 rue du Tertre 35850 GEVEZE<\/p>\n\n\n\n<p><strong>Repr\u00e9sentant l\u00e9gal : <\/strong>Olivier NOEL &#8211; +33 6 69 56 08 04<\/p>\n\n\n\n<p><strong>Directeur de la publication :&nbsp;<\/strong><a href=\"mailto:contact@parlons-consciences.fr\">contact@parlons-consciences.fr<\/a><\/p>\n\n\n\n<p><strong>D\u00e9l\u00e9gu\u00e9 \u00e0 la protection des donn\u00e9es :&nbsp;<\/strong><a href=\"mailto:dpo@parlons-consciences.fr\">dpo@parlons-consciences.fr<\/a><\/p>\n\n\n\n<p><strong>H\u00e9bergeur :<\/strong>&nbsp;<a href=\"https:\/\/Virtual-Info.info\" target=\"_blank\" rel=\"noreferrer noopener nofollow\">https:\/\/Virtual-Info.info<\/a><\/p>\n\n\n\n<hr class=\"wp-block-separator has-alpha-channel-opacity\"\/>\n\n\n\n<h2 class=\"wp-block-heading\">2 &#8211; Propri\u00e9t\u00e9 intellectuelle et contrefa\u00e7ons.<\/h2>\n\n\n\n<p><strong>SARL Parlons Consciences<\/strong>&nbsp;est propri\u00e9taire des droits de propri\u00e9t\u00e9 intellectuelle et d\u00e9tient les droits d\u2019usage sur tous les \u00e9l\u00e9ments accessibles sur le site internet, notamment les textes, images, graphismes, logos, vid\u00e9os, architecture, ic\u00f4nes et sons.<\/p>\n\n\n\n<p>Toute reproduction, repr\u00e9sentation, modification, publication, adaptation de tout ou partie des \u00e9l\u00e9ments du site, quel que soit le moyen ou le proc\u00e9d\u00e9 utilis\u00e9, est interdite, sauf autorisation \u00e9crite pr\u00e9alable de&nbsp;<strong>SARL Parlons Consciences<\/strong>.<\/p>\n\n\n\n<p>Toute exploitation non autoris\u00e9e du site ou de l\u2019un quelconque des \u00e9l\u00e9ments qu\u2019il contient sera consid\u00e9r\u00e9e comme constitutive d\u2019une contrefa\u00e7on et poursuivie conform\u00e9ment aux dispositions des articles&nbsp;<a href=\"https:\/\/www.legifrance.gouv.fr\/affichCodeArticle.do?idArticle=LEGIARTI000032655082&amp;cidTexte=LEGITEXT000006069414&amp;dateTexte=20160605\" target=\"_blank\" rel=\"noreferrer noopener nofollow\">L.335-2 et suivants du Code de Propri\u00e9t\u00e9 Intellectuelle<\/a>.<\/p>\n\n\n\n<hr class=\"wp-block-separator has-alpha-channel-opacity\"\/>\n\n\n\n<h2 class=\"wp-block-heading\">3 &#8211; Limitations de responsabilit\u00e9.<\/h2>\n\n\n\n<p><strong>SARL Parlons Consciences<\/strong>&nbsp;ne pourra \u00eatre tenu pour responsable des dommages directs et indirects caus\u00e9s au mat\u00e9riel de l\u2019utilisateur, lors de l\u2019acc\u00e8s au site&nbsp;<strong>https:\/\/parlons-consciences.fr<\/strong>.<\/p>\n\n\n\n<p><strong>SARL Parlons Consciences<\/strong>&nbsp;d\u00e9cline toute responsabilit\u00e9 quant \u00e0 l\u2019utilisation qui pourrait \u00eatre faite des informations et contenus pr\u00e9sents sur&nbsp;<strong>https:\/\/parlons-consciences.fr<\/strong>.<\/p>\n\n\n\n<p><strong>SARL Parlons Consciences<\/strong>&nbsp;s\u2019engage \u00e0 s\u00e9curiser au mieux le site&nbsp;<strong>https:\/\/parlons-consciences.fr<\/strong>, cependant sa responsabilit\u00e9 ne pourra \u00eatre mise en cause si des donn\u00e9es ind\u00e9sirables sont import\u00e9es et install\u00e9es sur son site \u00e0 son insu.<\/p>\n\n\n\n<p>Des espaces interactifs (espace contact ou commentaires) sont \u00e0 la disposition des utilisateurs.&nbsp;<strong>SARL Parlons Consciences<\/strong>&nbsp;se r\u00e9serve le droit de supprimer, sans mise en demeure pr\u00e9alable, tout contenu d\u00e9pos\u00e9 dans cet espace qui contreviendrait \u00e0 la l\u00e9gislation applicable en France, en particulier aux dispositions relatives \u00e0 la protection des donn\u00e9es.<\/p>\n\n\n\n<p>Le cas \u00e9ch\u00e9ant,&nbsp;<strong>SARL Parlons Consciences<\/strong>&nbsp;se r\u00e9serve \u00e9galement la possibilit\u00e9 de mettre en cause la responsabilit\u00e9 civile et\/ou p\u00e9nale de l\u2019utilisateur, notamment en cas de message \u00e0 caract\u00e8re raciste, injurieux, diffamant, ou pornographique, quel que soit le support utilis\u00e9 (texte, photographie \u2026).<\/p>\n\n\n\n<hr class=\"wp-block-separator has-alpha-channel-opacity\"\/>\n\n\n\n<h2 class=\"wp-block-heading\">4 &#8211; CNIL et gestion des donn\u00e9es personnelles.<\/h2>\n\n\n\n<p>Conform\u00e9ment aux dispositions de&nbsp;<a href=\"https:\/\/www.legifrance.gouv.fr\/affichTexte.do?cidTexte=JORFTEXT000000886460\" target=\"_blank\" rel=\"noreferrer noopener nofollow\">la loi 78-17 du 6 janvier 1978 modifi\u00e9e<\/a>, l\u2019utilisateur du site&nbsp;<strong>https:\/\/parlons-consciences.fr<\/strong>&nbsp;dispose d\u2019un droit d\u2019acc\u00e8s, de modification et de suppression des informations collect\u00e9es. Pour exercer ce droit, envoyez un message \u00e0 notre D\u00e9l\u00e9gu\u00e9 \u00e0 la Protection des Donn\u00e9es :&nbsp;<strong><a href=\"mailto:dpo@parlons-consciences.fr\">dpo@parlons-consciences.fr<\/a><\/strong>.<\/p>\n\n\n\n<p>Pour plus d&rsquo;informations sur la fa\u00e7on dont nous traitons vos donn\u00e9es (type de donn\u00e9es, finalit\u00e9, destinataire&#8230;), lisez notre&nbsp;<a href=\"https:\/\/parlons-consciences.fr\/index.php\/politique-de-confidentialite\/\" data-type=\"page\" data-id=\"84\" target=\"_blank\" rel=\"noreferrer noopener\">Politique de confidentialit\u00e9<\/a><\/p>\n\n\n\n<hr class=\"wp-block-separator has-alpha-channel-opacity\"\/>\n\n\n\n<h2 class=\"wp-block-heading\">5 &#8211; Liens hypertextes et cookies<\/h2>\n\n\n\n<p>Le site&nbsp;<strong>https:\/\/parlons-consciences.fr<\/strong>&nbsp;contient des liens hypertextes vers d\u2019autres sites et d\u00e9gage toute responsabilit\u00e9 \u00e0 propos de ces liens externes ou des liens cr\u00e9\u00e9s par d\u2019autres sites vers&nbsp;<strong>https:\/\/parlons-consciences.fr<\/strong>.<\/p>\n\n\n\n<p>Nous avons essay\u00e9 de faire un site sans cookie tier et&#8230; C&rsquo;est impossible ! <\/p>\n\n\n\n<p>Rien que reCAPTCHA d\u00e9pose 2 cookies, les outils d&rsquo;analyse statistiques d\u00e9posent des cookies, les outils de paiement en ligne d\u00e9posent des cookies, &#8230; <\/p>\n\n\n\n<p>Il faut renoncer ou re-d\u00e9velopper tellement de choses que \u00e7a en est impossible. D\u00e9sol\u00e9. Pour v\u00e9rifier gratuitement les cookies utilis\u00e9s par un site web : <a href=\"https:\/\/www.cookieyes.com\/fr\/verificateur-de-cookies\/\" target=\"_blank\" rel=\"noreferrer noopener nofollow\">https:\/\/www.cookieyes.com\/fr\/verificateur-de-cookies\/<\/a>. Vous pouvez aussi demander \u00e0 votre navigateur de vous montrer les cookies du site sur lequel vous \u00eates.<\/p>\n\n\n\n<p>La navigation sur le site\u00a0<strong>https:\/\/parlons-consciences.fr<\/strong>\u00a0provoque l\u2019installation de cookies sur l\u2019ordinateur de l\u2019utilisateur.<\/p>\n\n\n\n<p>Un \u00ab\u00a0cookie\u00a0\u00bb est un fichier de petite taille qui enregistre des informations relatives \u00e0 la navigation d\u2019un utilisateur sur un site. Les donn\u00e9es ainsi obtenues permettent d&rsquo;obtenir des mesures de fr\u00e9quentation, par exemple.<\/p>\n\n\n\n<p>Vous avez la possibilit\u00e9&nbsp;<strong>d\u2019accepter ou de refuser les cookies<\/strong>&nbsp;en modifiant les param\u00e8tres de votre navigateur. Aucun cookie ne sera d\u00e9pos\u00e9 sans votre consentement.<\/p>\n\n\n\n<p>Les cookies sont enregistr\u00e9s pour une dur\u00e9e maximale de&nbsp;1 an.<\/p>\n\n\n\n<p>Pour plus d&rsquo;informations sur la fa\u00e7on dont nous faisons usage des cookies, lisez notre&nbsp;<a href=\"https:\/\/parlons-consciences.fr\/index.php\/politique-de-confidentialite\/\" data-type=\"page\" data-id=\"84\" target=\"_blank\" rel=\"noreferrer noopener\">Politique de confidentialit\u00e9<\/a>.&nbsp;<\/p>\n\n\n\n<hr class=\"wp-block-separator has-alpha-channel-opacity\"\/>\n\n\n\n<h2 class=\"wp-block-heading\">6 &#8211; Droit applicable et attribution de juridiction.<\/h2>\n\n\n\n<p>Tout litige en relation avec l\u2019utilisation du site&nbsp;<strong>https:\/\/parlons-consciences.fr<\/strong>&nbsp;est soumis au droit fran\u00e7ais. En dehors des cas o\u00f9 la loi ne le permet pas, il est fait attribution exclusive de juridiction aux tribunaux comp\u00e9tents de&nbsp;<strong>Rennes<\/strong>.<\/p>\n","protected":false},"excerpt":{"rendered":"<p>L\u2019acc\u00e8s et l\u2019utilisation du Site sont soumis aux pr\u00e9sentes \u00ab Mentions l\u00e9gales \u00bb, ainsi qu\u2019aux lois et\/ou r\u00e8glements applicables. La connexion, l\u2019utilisation et l\u2019acc\u00e8s au Site impliquent l\u2019acceptation int\u00e9grale et sans r\u00e9serve de l\u2019Utilisateur de l\u2019int\u00e9gralit\u00e9 des dispositions des pr\u00e9sentes Mentions L\u00e9gales. L\u2019Utilisateur est inform\u00e9 qu\u2019il est tenu par les pr\u00e9sentes. 1 &#8211; \u00c9dition du [&hellip;]<\/p>\n","protected":false},"author":1,"featured_media":0,"parent":0,"menu_order":0,"comment_status":"closed","ping_status":"closed","template":"","meta":{"footnotes":""},"class_list":["post-81","page","type-page","status-publish","hentry"],"_links":{"self":[{"href":"https:\/\/parlons-consciences.fr\/index.php\/wp-json\/wp\/v2\/pages\/81","targetHints":{"allow":["GET"]}}],"collection":[{"href":"https:\/\/parlons-consciences.fr\/index.php\/wp-json\/wp\/v2\/pages"}],"about":[{"href":"https:\/\/parlons-consciences.fr\/index.php\/wp-json\/wp\/v2\/types\/page"}],"author":[{"embeddable":true,"href":"https:\/\/parlons-consciences.fr\/index.php\/wp-json\/wp\/v2\/users\/1"}],"replies":[{"embeddable":true,"href":"https:\/\/parlons-consciences.fr\/index.php\/wp-json\/wp\/v2\/comments?post=81"}],"version-history":[{"count":6,"href":"https:\/\/parlons-consciences.fr\/index.php\/wp-json\/wp\/v2\/pages\/81\/revisions"}],"predecessor-version":[{"id":105,"href":"https:\/\/parlons-consciences.fr\/index.php\/wp-json\/wp\/v2\/pages\/81\/revisions\/105"}],"wp:attachment":[{"href":"https:\/\/parlons-consciences.fr\/index.php\/wp-json\/wp\/v2\/media?parent=81"}],"curies":[{"name":"wp","href":"https:\/\/api.w.org\/{rel}","templated":true}]}}