{"id":84,"date":"2024-09-20T16:40:25","date_gmt":"2024-09-20T16:40:25","guid":{"rendered":"https:\/\/parlons-consciences.fr\/?page_id=84"},"modified":"2024-10-03T09:15:51","modified_gmt":"2024-10-03T09:15:51","slug":"politique-de-confidentialite","status":"publish","type":"page","link":"https:\/\/parlons-consciences.fr\/index.php\/politique-de-confidentialite\/","title":{"rendered":"Politique de confidentialit\u00e9"},"content":{"rendered":"\n<h2 class=\"wp-block-heading\">Qui sommes-nous&nbsp;?<\/h2>\n\n\n\n<p>L\u2019adresse de notre site est&nbsp;: https:\/\/parlons-consciences.fr.<\/p>\n\n\n\n<p>Parlons Consciences proposent des pr\u00e9sentations, tables rondes et conf\u00e9rences autour du th\u00e8me de nos Consciences. Pour ce faire, Parlons Consciences s&rsquo;appuie sur des travaux scientifiques montrant que nous sommes bien plus que notre simple passage terrestre.<\/p>\n\n\n\n<h2 class=\"wp-block-heading\">Commentaires &amp; Formulaires<\/h2>\n\n\n\n<p>Quand vous laissez un commentaire ou que vous remplissez un formulaire sur notre site, les donn\u00e9es saisies, ainsi que votre adresse IP, le user-agent de votre navigateur et URL du site sont collect\u00e9s pour nous aider \u00e0 la d\u00e9tection des saisies ind\u00e9sirables.<\/p>\n\n\n\n<p>Nous utilisons la fonctionnalit\u00e9 contre les ind\u00e9sirables d\u2019Akismet. (Politique de confidentialit\u00e9 d&rsquo;Akismet: <a href=\"https:\/\/akismet.com\/privacy\/\" target=\"_blank\" rel=\"noreferrer noopener nofollow\">https:\/\/akismet.com\/privacy\/<\/a>). Ainsi que reCAPTCHA de Google (Politique de confidentialit\u00e9 de Google: <a href=\"https:\/\/policies.google.com\/privacy?hl=fr\" target=\"_blank\" rel=\"noreferrer noopener nofollow\">https:\/\/policies.google.com\/privacy?hl=fr<\/a> ! Tr\u00e8s bon article sur reCAPTCHA : <a href=\"https:\/\/datadome.co\/fr\/learning-center\/politique-de-confidentialite-google-recaptcha-les-elements-essentiels-a-inclure\/\" target=\"_blank\" rel=\"noreferrer noopener nofollow\">https:\/\/datadome.co\/fr\/learning-center\/politique-de-confidentialite-google-recaptcha-les-elements-essentiels-a-inclure\/<\/a>)<\/p>\n\n\n\n<p>Une cha\u00eene anonymis\u00e9e cr\u00e9\u00e9e \u00e0 partir de votre adresse e-mail (\u00e9galement appel\u00e9e hash) peut \u00eatre envoy\u00e9e au service Gravatar pour v\u00e9rifier si vous utilisez ce dernier. Les clauses de confidentialit\u00e9 du service Gravatar&nbsp;: <a href=\"https:\/\/automattic.com\/privacy\/\" target=\"_blank\" rel=\"noreferrer noopener nofollow\">https:\/\/automattic.com\/privacy\/<\/a>. Apr\u00e8s validation de votre commentaire, votre photo de profil sera visible publiquement \u00e0 cot\u00e9 de votre commentaire.<\/p>\n\n\n\n<h2 class=\"wp-block-heading\">M\u00e9dias<\/h2>\n\n\n\n<p>Si vous t\u00e9l\u00e9versez des images sur le site, nous vous conseillons d\u2019\u00e9viter de t\u00e9l\u00e9verser des images contenant des donn\u00e9es EXIF de coordonn\u00e9es GPS. Les personnes visitant votre site peuvent t\u00e9l\u00e9charger et extraire des donn\u00e9es de localisation depuis ces images.<\/p>\n\n\n\n<h2 class=\"wp-block-heading\">Cookies<\/h2>\n\n\n\n<p>Nous avons essay\u00e9 de faire un site sans cookie tier et&#8230; C&rsquo;est impossible ! <\/p>\n\n\n\n<p>Rien que reCAPTCHA d\u00e9pose 2 cookies, les outils d&rsquo;analyse statistiques d\u00e9posent des cookies, les outils de paiement en ligne d\u00e9posent des cookies, &#8230; <\/p>\n\n\n\n<p>Il faut renoncer ou re-d\u00e9velopper tellement de choses que \u00e7a en est impossible. D\u00e9sol\u00e9. Pour v\u00e9rifier gratuitement les cookies utilis\u00e9s par un site web : <a href=\"https:\/\/www.cookieyes.com\/fr\/verificateur-de-cookies\/\" target=\"_blank\" rel=\"noreferrer noopener nofollow\">https:\/\/www.cookieyes.com\/fr\/verificateur-de-cookies\/<\/a>. Vous pouvez aussi demander \u00e0 votre navigateur de vous montrer les cookies du site sur lequel vous \u00eates.<\/p>\n\n\n\n<p>Au del\u00e0 des cookies tiers, notre site utilise les cookies pour ses besoins propres dans les cas suivants: <\/p>\n\n\n\n<p>Si vous d\u00e9posez un commentaire sur notre site, il vous sera propos\u00e9 d\u2019enregistrer votre nom, adresse e-mail et site dans des cookies. C\u2019est uniquement pour votre confort afin de ne pas avoir \u00e0 saisir ces informations si vous d\u00e9posez un autre commentaire plus tard. Ces cookies expirent au bout d\u2019un an.<\/p>\n\n\n\n<p>Si vous vous rendez sur la page de connexion, un cookie temporaire sera cr\u00e9\u00e9 afin de d\u00e9terminer si votre navigateur accepte les cookies. Il ne contient pas de donn\u00e9es personnelles et sera supprim\u00e9 automatiquement \u00e0 la fermeture de votre navigateur.<\/p>\n\n\n\n<p>Lorsque vous vous connecterez, nous mettrons en place un certain nombre de cookies pour enregistrer vos informations de connexion et vos pr\u00e9f\u00e9rences d\u2019\u00e9cran. La dur\u00e9e de vie d\u2019un cookie de connexion est de deux jours, celle d\u2019un cookie d\u2019option d\u2019\u00e9cran est d\u2019un an. Si vous cochez \u00ab&nbsp;Se souvenir de moi&nbsp;\u00bb, votre cookie de connexion sera conserv\u00e9 pendant deux semaines. Si vous vous d\u00e9connectez de votre compte, le cookie de connexion sera effac\u00e9.<\/p>\n\n\n\n<p>En modifiant ou en publiant une publication, un cookie suppl\u00e9mentaire sera enregistr\u00e9 dans votre navigateur. Ce cookie ne comprend aucune donn\u00e9e personnelle. Il indique simplement l\u2019ID de la publication que vous venez de modifier. Il expire au bout d\u2019un jour.<\/p>\n\n\n\n<h2 class=\"wp-block-heading\">Contenu embarqu\u00e9 depuis d\u2019autres sites<\/h2>\n\n\n\n<p>Les articles de ce site peuvent inclure des contenus int\u00e9gr\u00e9s (par exemple des vid\u00e9os, images, articles\u2026). Le contenu int\u00e9gr\u00e9 depuis d\u2019autres sites se comporte de la m\u00eame mani\u00e8re que si le visiteur se rendait sur cet autre site.<\/p>\n\n\n\n<p>Ces sites web pourraient collecter des donn\u00e9es sur vous, utiliser des cookies, embarquer des outils de suivis tiers, suivre vos interactions avec ces contenus embarqu\u00e9s si vous disposez d\u2019un compte connect\u00e9 sur leur site web.<\/p>\n\n\n\n<h2 class=\"wp-block-heading\">Utilisation et transmission de vos donn\u00e9es personnelles<\/h2>\n\n\n\n<p>Si vous demandez une r\u00e9initialisation de votre mot de passe, votre adresse IP sera incluse dans l\u2019e-mail de r\u00e9initialisation.<\/p>\n\n\n\n<h2 class=\"wp-block-heading\">Dur\u00e9es de stockage de vos donn\u00e9es<\/h2>\n\n\n\n<p>Si vous laissez un commentaire, le commentaire et ses m\u00e9tadonn\u00e9es sont conserv\u00e9s ind\u00e9finiment. Cela permet de reconna\u00eetre et approuver automatiquement les commentaires suivants au lieu de les laisser dans la file de mod\u00e9ration.<\/p>\n\n\n\n<p>Pour les comptes qui s\u2019inscrivent sur notre site (le cas \u00e9ch\u00e9ant), nous stockons \u00e9galement les donn\u00e9es personnelles indiqu\u00e9es dans leur profil. Tous les comptes peuvent voir, modifier ou supprimer leurs informations personnelles \u00e0 tout moment (\u00e0 l\u2019exception de leur identifiant). Les gestionnaires du site peuvent aussi voir et modifier ces informations.<\/p>\n\n\n\n<h2 class=\"wp-block-heading\">Les droits que vous avez sur vos donn\u00e9es<\/h2>\n\n\n\n<p>Si vous avez un compte ou si vous avez laiss\u00e9 des commentaires sur le site, vous pouvez demander \u00e0 recevoir un fichier contenant toutes les donn\u00e9es personnelles que nous poss\u00e9dons \u00e0 votre sujet, incluant celles que vous nous avez fournies. Vous pouvez \u00e9galement demander la suppression des donn\u00e9es personnelles vous concernant. Cela ne prend pas en compte les donn\u00e9es stock\u00e9es \u00e0 des fins administratives, l\u00e9gales ou pour des raisons de s\u00e9curit\u00e9.<\/p>\n\n\n\n<h2 class=\"wp-block-heading\">O\u00f9 vos donn\u00e9es sont envoy\u00e9es<\/h2>\n\n\n\n<p>Les commentaires des visiteurs peuvent \u00eatre v\u00e9rifi\u00e9s \u00e0 l\u2019aide d\u2019un service automatis\u00e9 de d\u00e9tection des commentaires ind\u00e9sirables.<\/p>\n","protected":false},"excerpt":{"rendered":"<p>Qui sommes-nous&nbsp;? L\u2019adresse de notre site est&nbsp;: https:\/\/parlons-consciences.fr. Parlons Consciences proposent des pr\u00e9sentations, tables rondes et conf\u00e9rences autour du th\u00e8me de nos Consciences. Pour ce faire, Parlons Consciences s&rsquo;appuie sur des travaux scientifiques montrant que nous sommes bien plus que notre simple passage terrestre. Commentaires &amp; Formulaires Quand vous laissez un commentaire ou que vous [&hellip;]<\/p>\n","protected":false},"author":1,"featured_media":0,"parent":0,"menu_order":0,"comment_status":"closed","ping_status":"closed","template":"","meta":{"footnotes":""},"class_list":["post-84","page","type-page","status-publish","hentry"],"_links":{"self":[{"href":"https:\/\/parlons-consciences.fr\/index.php\/wp-json\/wp\/v2\/pages\/84","targetHints":{"allow":["GET"]}}],"collection":[{"href":"https:\/\/parlons-consciences.fr\/index.php\/wp-json\/wp\/v2\/pages"}],"about":[{"href":"https:\/\/parlons-consciences.fr\/index.php\/wp-json\/wp\/v2\/types\/page"}],"author":[{"embeddable":true,"href":"https:\/\/parlons-consciences.fr\/index.php\/wp-json\/wp\/v2\/users\/1"}],"replies":[{"embeddable":true,"href":"https:\/\/parlons-consciences.fr\/index.php\/wp-json\/wp\/v2\/comments?post=84"}],"version-history":[{"count":6,"href":"https:\/\/parlons-consciences.fr\/index.php\/wp-json\/wp\/v2\/pages\/84\/revisions"}],"predecessor-version":[{"id":104,"href":"https:\/\/parlons-consciences.fr\/index.php\/wp-json\/wp\/v2\/pages\/84\/revisions\/104"}],"wp:attachment":[{"href":"https:\/\/parlons-consciences.fr\/index.php\/wp-json\/wp\/v2\/media?parent=84"}],"curies":[{"name":"wp","href":"https:\/\/api.w.org\/{rel}","templated":true}]}}